{"id":22412,"date":"2025-08-04T07:50:29","date_gmt":"2025-08-04T07:50:29","guid":{"rendered":"https:\/\/www.cmidurango.com\/applications\/job-shops\/"},"modified":"2025-08-04T07:50:30","modified_gmt":"2025-08-04T07:50:30","slug":"job-shops","status":"publish","type":"page","link":"https:\/\/www.cmidurango.com\/en\/applications\/job-shops\/","title":{"rendered":"Job Shops"},"content":{"rendered":"<p>[et_pb_section fb_built=&#8221;1&#8243; _builder_version=&#8221;4.27.4&#8243; _module_preset=&#8221;default&#8221; background_color=&#8221;#000000&#8243; background_image=&#8221;https:\/\/www.cmidurango.com\/wp-content\/uploads\/2025\/07\/Cabecera_Aplicaciones_Mecanizado.webp&#8221; locked=&#8221;off&#8221; global_colors_info=&#8221;{}&#8221;][et_pb_row _builder_version=&#8221;4.27.4&#8243; _module_preset=&#8221;default&#8221; max_width=&#8221;1200px&#8221; global_colors_info=&#8221;{}&#8221;][et_pb_column type=&#8221;4_4&#8243; _builder_version=&#8221;4.27.4&#8243; _module_preset=&#8221;default&#8221; global_colors_info=&#8221;{}&#8221;][et_pb_text _builder_version=&#8221;4.27.4&#8243; _module_preset=&#8221;default&#8221; header_font=&#8221;Montserrat|700||on|||||&#8221; header_text_color=&#8221;#FFFFFF&#8221; header_font_size=&#8221;45px&#8221; header_line_height=&#8221;1.2em&#8221; header_2_font=&#8221;Montserrat|700||on|||||&#8221; header_2_text_color=&#8221;#FFFFFF&#8221; header_2_font_size=&#8221;45px&#8221; header_2_line_height=&#8221;1.2em&#8221; custom_margin=&#8221;0px||0px||true|false&#8221; custom_padding=&#8221;0px||0px||true|false&#8221; header_font_size_tablet=&#8221;40px&#8221; header_font_size_phone=&#8221;35px&#8221; header_font_size_last_edited=&#8221;on|phone&#8221; header_2_font_size_tablet=&#8221;40px&#8221; header_2_font_size_phone=&#8221;35px&#8221; header_2_font_size_last_edited=&#8221;on|phone&#8221; locked=&#8221;off&#8221; global_colors_info=&#8221;{}&#8221;]<\/p>\n<h1>Job Shops<\/h1>\n<p>[\/et_pb_text][et_pb_divider color=&#8221;gcid-31acf283-3f3f-475d-a942-f9d63f2583b5&#8243; divider_position=&#8221;center&#8221; divider_weight=&#8221;2px&#8221; _builder_version=&#8221;4.17.4&#8243; _module_preset=&#8221;default&#8221; max_width=&#8221;20%&#8221; max_width_tablet=&#8221;20%&#8221; max_width_phone=&#8221;40%&#8221; max_width_last_edited=&#8221;on|phone&#8221; custom_margin=&#8221;0px||10px||false|false&#8221; locked=&#8221;off&#8221; global_colors_info=&#8221;{%22gcid-31acf283-3f3f-475d-a942-f9d63f2583b5%22:%91%22color%22,%22color%22%93}&#8221;][\/et_pb_divider][\/et_pb_column][\/et_pb_row][\/et_pb_section][et_pb_section fb_built=&#8221;1&#8243; _builder_version=&#8221;4.27.4&#8243; _module_preset=&#8221;default&#8221; background_color=&#8221;#edf2f4&#8243; use_background_color_gradient=&#8221;on&#8221; background_color_gradient_stops=&#8221;#ffffff 0%|#dde3e6 99%&#8221; background_enable_image=&#8221;off&#8221; parallax=&#8221;on&#8221; custom_padding=&#8221;120px||136px|||&#8221; locked=&#8221;off&#8221; global_colors_info=&#8221;{}&#8221;][et_pb_row column_structure=&#8221;3_5,2_5&#8243; _builder_version=&#8221;4.27.4&#8243; _module_preset=&#8221;default&#8221; max_width=&#8221;1200px&#8221; custom_padding=&#8221;||101px|||&#8221; global_colors_info=&#8221;{}&#8221;][et_pb_column type=&#8221;3_5&#8243; _builder_version=&#8221;4.27.4&#8243; _module_preset=&#8221;default&#8221; global_colors_info=&#8221;{}&#8221;][et_pb_text _builder_version=&#8221;4.27.4&#8243; _module_preset=&#8221;default&#8221; text_font=&#8221;||||||||&#8221; text_text_color=&#8221;gcid-31acf283-3f3f-475d-a942-f9d63f2583b5&#8243; text_font_size=&#8221;24px&#8221; text_line_height=&#8221;2em&#8221; header_font=&#8221;|||on|||||&#8221; header_text_color=&#8221;gcid-31acf283-3f3f-475d-a942-f9d63f2583b5&#8243; header_font_size=&#8221;24px&#8221; header_3_font=&#8221;|||on|||||&#8221; header_3_text_color=&#8221;gcid-31acf283-3f3f-475d-a942-f9d63f2583b5&#8243; header_3_font_size=&#8221;24px&#8221; custom_margin=&#8221;||0px||false|false&#8221; custom_padding=&#8221;0px||0px||true|false&#8221; locked=&#8221;off&#8221; global_colors_info=&#8221;{%22gcid-31acf283-3f3f-475d-a942-f9d63f2583b5%22:%91%22header_3_text_color%22,%22header_text_color%22,%22text_text_color%22%93}&#8221;]<\/p>\n<p>APPLICATIONS<\/p>\n<p>[\/et_pb_text][et_pb_text _builder_version=&#8221;4.27.4&#8243; _module_preset=&#8221;default&#8221; text_font=&#8221;||||||||&#8221; header_2_font=&#8221;Montserrat|800|||||||&#8221; header_2_text_color=&#8221;gcid-82c362c5-f49e-4bed-bfb2-74eee64fc627&#8243; header_2_font_size=&#8221;30px&#8221; header_2_line_height=&#8221;1.3em&#8221; custom_margin=&#8221;0px||0px||true|false&#8221; custom_padding=&#8221;0px||0px||true|false&#8221; locked=&#8221;off&#8221; global_colors_info=&#8221;{%22gcid-82c362c5-f49e-4bed-bfb2-74eee64fc627%22:%91%22header_2_text_color%22%93}&#8221;]<\/p>\n<h2><strong>Machine tools for machining workshops<\/strong><\/h2>\n<p>[\/et_pb_text][et_pb_divider color=&#8221;gcid-31acf283-3f3f-475d-a942-f9d63f2583b5&#8243; divider_position=&#8221;center&#8221; divider_weight=&#8221;2px&#8221; _builder_version=&#8221;4.17.4&#8243; _module_preset=&#8221;default&#8221; max_width=&#8221;20%&#8221; custom_margin=&#8221;0px||10px||false|false&#8221; locked=&#8221;off&#8221; global_colors_info=&#8221;{%22gcid-31acf283-3f3f-475d-a942-f9d63f2583b5%22:%91%22color%22%93}&#8221;][\/et_pb_divider][et_pb_text _builder_version=&#8221;4.27.4&#8243; _module_preset=&#8221;default&#8221; text_font=&#8221;Montserrat||||||||&#8221; text_text_color=&#8221;gcid-82c362c5-f49e-4bed-bfb2-74eee64fc627&#8243; text_font_size=&#8221;15px&#8221; text_line_height=&#8221;2em&#8221; header_2_font=&#8221;Montserrat|700|||||||&#8221; header_2_font_size=&#8221;16px&#8221; custom_margin=&#8221;||15px||false|false&#8221; custom_padding=&#8221;0px|0px|0px|0px|true|true&#8221; locked=&#8221;off&#8221; global_colors_info=&#8221;{%22gcid-82c362c5-f49e-4bed-bfb2-74eee64fc627%22:%91%22text_text_color%22%93}&#8221;]<\/p>\n<p>We offer versatile solutions for machining workshops that work with diverse parts and short series. Our machine tools are suitable for different sectors and requirements, guaranteeing precision, flexibility, and reliability in every project.<\/p>\n<p>[\/et_pb_text][\/et_pb_column][et_pb_column type=&#8221;2_5&#8243; _builder_version=&#8221;4.27.4&#8243; _module_preset=&#8221;default&#8221; global_colors_info=&#8221;{}&#8221;][et_pb_image src=&#8221;https:\/\/www.cmidurango.com\/wp-content\/uploads\/2025\/07\/Aplicacion_Mecanizado.webp&#8221; title_text=&#8221;Application_Job_Shops&#8221; align=&#8221;right&#8221; _builder_version=&#8221;4.27.4&#8243; _module_preset=&#8221;default&#8221; global_colors_info=&#8221;{}&#8221;][\/et_pb_image][\/et_pb_column][\/et_pb_row][et_pb_row column_structure=&#8221;2_5,3_5&#8243; custom_padding_last_edited=&#8221;on|phone&#8221; module_id=&#8221;reris&#8221; _builder_version=&#8221;4.27.4&#8243; _module_preset=&#8221;default&#8221; background_color=&#8221;#FFFFFF&#8221; max_width=&#8221;1200px&#8221; custom_padding=&#8221;54px|50px|54px|50px|true|true&#8221; custom_padding_tablet=&#8221;54px|50px|54px|50px|true|true&#8221; custom_padding_phone=&#8221;30px|30px|30px|30px|true|true&#8221; animation_style=&#8221;slide&#8221; animation_direction=&#8221;bottom&#8221; hover_enabled=&#8221;0&#8243; box_shadow_style=&#8221;preset1&#8243; box_shadow_color=&#8221;rgba(0,0,0,0.1)&#8221; locked=&#8221;off&#8221; global_colors_info=&#8221;{}&#8221; disabled_on=&#8221;on|on|on&#8221; disabled=&#8221;on&#8221; sticky_enabled=&#8221;0&#8243;][et_pb_column type=&#8221;2_5&#8243; _builder_version=&#8221;4.18.0&#8243; _module_preset=&#8221;default&#8221; global_colors_info=&#8221;{}&#8221;][et_pb_image src=&#8221;https:\/\/www.cmidurango.com\/wp-content\/uploads\/2025\/07\/Aplicacion_Mecanizado.webp&#8221; title_text=&#8221;Application_Job_Shops&#8221; align=&#8221;center&#8221; _builder_version=&#8221;4.27.4&#8243; _module_preset=&#8221;default&#8221; global_colors_info=&#8221;{}&#8221;][\/et_pb_image][\/et_pb_column][et_pb_column type=&#8221;3_5&#8243; _builder_version=&#8221;4.18.0&#8243; _module_preset=&#8221;default&#8221; global_colors_info=&#8221;{}&#8221;][et_pb_text _builder_version=&#8221;4.27.4&#8243; _module_preset=&#8221;default&#8221; text_font=&#8221;Montserrat|800|||||||&#8221; text_text_color=&#8221;gcid-8928089e-c137-4895-ba39-c17f51484011&#8243; header_font=&#8221;Montserrat|800|||||||&#8221; header_text_color=&#8221;gcid-82c362c5-f49e-4bed-bfb2-74eee64fc627&#8243; header_font_size=&#8221;31px&#8221; header_line_height=&#8221;1.4em&#8221; header_2_font=&#8221;Montserrat|800|||||||&#8221; header_2_text_color=&#8221;gcid-82c362c5-f49e-4bed-bfb2-74eee64fc627&#8243; header_2_font_size=&#8221;30px&#8221; header_2_line_height=&#8221;1.4em&#8221; header_3_font=&#8221;Montserrat|800|||||||&#8221; header_3_text_color=&#8221;gcid-8928089e-c137-4895-ba39-c17f51484011&#8243; header_3_font_size=&#8221;40px&#8221; header_3_line_height=&#8221;1.4em&#8221; custom_margin=&#8221;14px||14px||true|false&#8221; custom_padding=&#8221;0px||0px||true|false&#8221; header_3_font_size_tablet=&#8221;40px&#8221; header_3_font_size_phone=&#8221;25px&#8221; header_3_font_size_last_edited=&#8221;on|phone&#8221; locked=&#8221;off&#8221; global_colors_info=&#8221;{%22gcid-82c362c5-f49e-4bed-bfb2-74eee64fc627%22:%91%22header_2_text_color%22,%22header_2_text_color%22,%22header_2_text_color%22,%22header_2_text_color%22,%22header_2_text_color%22,%22header_2_text_color%22,%22header_2_text_color%22,%22header_2_text_color%22%93,%22gcid-8928089e-c137-4895-ba39-c17f51484011%22:%91%22text_text_color%22,%22text_text_color%22,%22header_3_text_color%22%93}&#8221;]<\/p>\n<h3>PROYECTO 1<\/h3>\n<p>[\/et_pb_text][et_pb_text _builder_version=&#8221;4.27.4&#8243; _module_preset=&#8221;default&#8221; text_font=&#8221;Montserrat||||||||&#8221; text_text_color=&#8221;gcid-82c362c5-f49e-4bed-bfb2-74eee64fc627&#8243; text_font_size=&#8221;17px&#8221; text_line_height=&#8221;1.8em&#8221; header_2_font=&#8221;Montserrat|700|||||||&#8221; header_2_font_size=&#8221;16px&#8221; custom_margin=&#8221;||15px||false|false&#8221; custom_padding=&#8221;0px|0px|0px|0px|true|true&#8221; locked=&#8221;off&#8221; global_colors_info=&#8221;{%22gcid-82c362c5-f49e-4bed-bfb2-74eee64fc627%22:%91%22text_text_color%22,%22text_text_color%22,%22text_text_color%22%93}&#8221;]<\/p>\n<p>Tornos verticales y fresadoras dise\u00f1ados para el mecanizado de componentes de alta precisi\u00f3n, utillajes y estructuras asociadas a l\u00edneas de montaje. Equipos pensados para integrarse en procesos automatizados y responder a ritmos de producci\u00f3n exigentes.<\/p>\n<p>[\/et_pb_text][et_pb_button button_url=&#8221;@ET-DC@eyJkeW5hbWljIjp0cnVlLCJjb250ZW50IjoicG9zdF9saW5rX3VybF9wYWdlIiwic2V0dGluZ3MiOnsicG9zdF9pZCI6IjIwMjAyIn19@&#8221; button_text=&#8221;View projects&#8221; button_alignment=&#8221;left&#8221; module_class=&#8221;boton_flecha&#8221; _builder_version=&#8221;4.27.4&#8243; _dynamic_attributes=&#8221;button_url&#8221; _module_preset=&#8221;default&#8221; custom_button=&#8221;on&#8221; button_text_size=&#8221;16px&#8221; button_text_color=&#8221;gcid-82c362c5-f49e-4bed-bfb2-74eee64fc627&#8243; button_bg_color=&#8221;RGBA(255,255,255,0)&#8221; button_border_color=&#8221;gcid-31acf283-3f3f-475d-a942-f9d63f2583b5&#8243; button_border_radius=&#8221;10px&#8221; button_letter_spacing=&#8221;0px&#8221; button_font=&#8221;Montserrat|600||on|||||&#8221; button_icon=&#8221;&#x24;||divi||400&#8243; button_on_hover=&#8221;off&#8221; background_layout=&#8221;dark&#8221; custom_padding=&#8221;12px|80px|12px|33px|true|false&#8221; button_text_size_tablet=&#8221;16px&#8221; button_text_size_phone=&#8221;14px&#8221; button_text_size_last_edited=&#8221;on|phone&#8221; locked=&#8221;off&#8221; global_colors_info=&#8221;{%22gcid-31acf283-3f3f-475d-a942-f9d63f2583b5%22:%91%22button_border_color__hover%22,%22button_border_color%22,%22button_bg_color__hover%22%93,%22gcid-82c362c5-f49e-4bed-bfb2-74eee64fc627%22:%91%22button_text_color%22,%22button_text_color__hover%22%93}&#8221; button_text_color__hover_enabled=&#8221;on|hover&#8221; button_text_color__hover=&#8221;#414047&#8243; button_bg_color__hover_enabled=&#8221;on|desktop&#8221; button_bg_color__hover=&#8221;#7accbb&#8221; button_bg_enable_color__hover=&#8221;on&#8221; button_border_color__hover_enabled=&#8221;on|hover&#8221; button_border_color__hover=&#8221;#7accbb&#8221;][\/et_pb_button][\/et_pb_column][\/et_pb_row][et_pb_row column_structure=&#8221;2_5,3_5&#8243; custom_padding_last_edited=&#8221;on|phone&#8221; module_id=&#8221;reris&#8221; _builder_version=&#8221;4.27.4&#8243; _module_preset=&#8221;default&#8221; background_color=&#8221;#FFFFFF&#8221; max_width=&#8221;1200px&#8221; custom_margin=&#8221;30px||||false|false&#8221; custom_padding=&#8221;54px|50px|54px|50px|true|true&#8221; custom_padding_tablet=&#8221;54px|50px|54px|50px|true|true&#8221; custom_padding_phone=&#8221;30px|30px|30px|30px|true|true&#8221; animation_style=&#8221;slide&#8221; animation_direction=&#8221;bottom&#8221; hover_enabled=&#8221;0&#8243; box_shadow_style=&#8221;preset1&#8243; box_shadow_color=&#8221;rgba(0,0,0,0.1)&#8221; locked=&#8221;off&#8221; global_colors_info=&#8221;{}&#8221; disabled_on=&#8221;on|on|on&#8221; disabled=&#8221;on&#8221; sticky_enabled=&#8221;0&#8243;][et_pb_column type=&#8221;2_5&#8243; _builder_version=&#8221;4.18.0&#8243; _module_preset=&#8221;default&#8221; global_colors_info=&#8221;{}&#8221;][et_pb_image src=&#8221;https:\/\/www.cmidurango.com\/wp-content\/uploads\/2025\/07\/Aplicacion_Mecanizado.webp&#8221; title_text=&#8221;Application_Job_Shops&#8221; align=&#8221;center&#8221; _builder_version=&#8221;4.27.4&#8243; _module_preset=&#8221;default&#8221; global_colors_info=&#8221;{}&#8221;][\/et_pb_image][\/et_pb_column][et_pb_column type=&#8221;3_5&#8243; _builder_version=&#8221;4.18.0&#8243; _module_preset=&#8221;default&#8221; global_colors_info=&#8221;{}&#8221;][et_pb_text _builder_version=&#8221;4.27.4&#8243; _module_preset=&#8221;default&#8221; text_font=&#8221;Montserrat|800|||||||&#8221; text_text_color=&#8221;gcid-8928089e-c137-4895-ba39-c17f51484011&#8243; header_font=&#8221;Montserrat|800|||||||&#8221; header_text_color=&#8221;gcid-82c362c5-f49e-4bed-bfb2-74eee64fc627&#8243; header_font_size=&#8221;31px&#8221; header_line_height=&#8221;1.4em&#8221; header_2_font=&#8221;Montserrat|800|||||||&#8221; header_2_text_color=&#8221;gcid-82c362c5-f49e-4bed-bfb2-74eee64fc627&#8243; header_2_font_size=&#8221;30px&#8221; header_2_line_height=&#8221;1.4em&#8221; header_3_font=&#8221;Montserrat|800|||||||&#8221; header_3_text_color=&#8221;gcid-8928089e-c137-4895-ba39-c17f51484011&#8243; header_3_font_size=&#8221;40px&#8221; header_3_line_height=&#8221;1.4em&#8221; custom_margin=&#8221;14px||14px||true|false&#8221; custom_padding=&#8221;0px||0px||true|false&#8221; header_3_font_size_tablet=&#8221;40px&#8221; header_3_font_size_phone=&#8221;25px&#8221; header_3_font_size_last_edited=&#8221;on|phone&#8221; locked=&#8221;off&#8221; global_colors_info=&#8221;{%22gcid-82c362c5-f49e-4bed-bfb2-74eee64fc627%22:%91%22header_2_text_color%22,%22header_2_text_color%22,%22header_2_text_color%22,%22header_2_text_color%22,%22header_2_text_color%22,%22header_2_text_color%22,%22header_2_text_color%22,%22header_2_text_color%22%93,%22gcid-8928089e-c137-4895-ba39-c17f51484011%22:%91%22text_text_color%22,%22text_text_color%22,%22header_3_text_color%22%93}&#8221;]<\/p>\n<h3>PROYECTO 2<\/h3>\n<p>[\/et_pb_text][et_pb_text _builder_version=&#8221;4.27.4&#8243; _module_preset=&#8221;default&#8221; text_font=&#8221;Montserrat||||||||&#8221; text_text_color=&#8221;gcid-82c362c5-f49e-4bed-bfb2-74eee64fc627&#8243; text_font_size=&#8221;17px&#8221; text_line_height=&#8221;1.8em&#8221; header_2_font=&#8221;Montserrat|700|||||||&#8221; header_2_font_size=&#8221;16px&#8221; custom_margin=&#8221;||15px||false|false&#8221; custom_padding=&#8221;0px|0px|0px|0px|true|true&#8221; locked=&#8221;off&#8221; global_colors_info=&#8221;{%22gcid-82c362c5-f49e-4bed-bfb2-74eee64fc627%22:%91%22text_text_color%22,%22text_text_color%22,%22text_text_color%22%93}&#8221;]<\/p>\n<p>Tornos verticales y fresadoras dise\u00f1ados para el mecanizado de componentes de alta precisi\u00f3n, utillajes y estructuras asociadas a l\u00edneas de montaje. Equipos pensados para integrarse en procesos automatizados y responder a ritmos de producci\u00f3n exigentes.<\/p>\n<p>[\/et_pb_text][et_pb_button button_url=&#8221;@ET-DC@eyJkeW5hbWljIjp0cnVlLCJjb250ZW50IjoicG9zdF9saW5rX3VybF9wYWdlIiwic2V0dGluZ3MiOnsicG9zdF9pZCI6IjIwMjAyIn19@&#8221; button_text=&#8221;View projects&#8221; button_alignment=&#8221;left&#8221; module_class=&#8221;boton_flecha&#8221; _builder_version=&#8221;4.27.4&#8243; _dynamic_attributes=&#8221;button_url&#8221; _module_preset=&#8221;default&#8221; custom_button=&#8221;on&#8221; button_text_size=&#8221;16px&#8221; button_text_color=&#8221;gcid-82c362c5-f49e-4bed-bfb2-74eee64fc627&#8243; button_bg_color=&#8221;RGBA(255,255,255,0)&#8221; button_border_color=&#8221;gcid-31acf283-3f3f-475d-a942-f9d63f2583b5&#8243; button_border_radius=&#8221;10px&#8221; button_letter_spacing=&#8221;0px&#8221; button_font=&#8221;Montserrat|600||on|||||&#8221; button_icon=&#8221;&#x24;||divi||400&#8243; button_on_hover=&#8221;off&#8221; background_layout=&#8221;dark&#8221; custom_padding=&#8221;12px|80px|12px|33px|true|false&#8221; button_text_size_tablet=&#8221;16px&#8221; button_text_size_phone=&#8221;14px&#8221; button_text_size_last_edited=&#8221;on|phone&#8221; locked=&#8221;off&#8221; global_colors_info=&#8221;{%22gcid-31acf283-3f3f-475d-a942-f9d63f2583b5%22:%91%22button_border_color__hover%22,%22button_border_color%22,%22button_bg_color__hover%22%93,%22gcid-82c362c5-f49e-4bed-bfb2-74eee64fc627%22:%91%22button_text_color%22,%22button_text_color__hover%22%93}&#8221; button_text_color__hover_enabled=&#8221;on|hover&#8221; button_text_color__hover=&#8221;#414047&#8243; button_bg_color__hover_enabled=&#8221;on|desktop&#8221; button_bg_color__hover=&#8221;#7accbb&#8221; button_bg_enable_color__hover=&#8221;on&#8221; button_border_color__hover_enabled=&#8221;on|hover&#8221; button_border_color__hover=&#8221;#7accbb&#8221;][\/et_pb_button][\/et_pb_column][\/et_pb_row][\/et_pb_section]<\/p>\n","protected":false},"excerpt":{"rendered":"<p>Job ShopsAPPLICATIONSMachine tools for machining workshopsWe offer versatile solutions for machining workshops that work with diverse parts and short series. Our machine tools are suitable for different sectors and requirements, guaranteeing precision, flexibility, and reliability in every project.PROYECTO 1Tornos verticales y fresadoras dise\u00f1ados para el mecanizado de componentes de alta precisi\u00f3n, utillajes y estructuras asociadas [&hellip;]<\/p>\n","protected":false},"author":6,"featured_media":0,"parent":15836,"menu_order":0,"comment_status":"closed","ping_status":"closed","template":"","meta":{"_acf_changed":false,"_et_pb_use_builder":"on","_et_pb_old_content":"","_et_gb_content_width":"","footnotes":""},"class_list":["post-22412","page","type-page","status-publish","hentry"],"acf":[],"yoast_head":"<!-- This site is optimized with the Yoast SEO plugin v25.3.1 - https:\/\/yoast.com\/wordpress\/plugins\/seo\/ -->\n<title>Job Shops - CMI DURANGO<\/title>\n<meta name=\"robots\" content=\"index, follow, max-snippet:-1, max-image-preview:large, max-video-preview:-1\" \/>\n<link rel=\"canonical\" href=\"https:\/\/www.cmidurango.com\/en\/applications\/job-shops\/\" \/>\n<meta property=\"og:locale\" content=\"en_US\" \/>\n<meta property=\"og:type\" content=\"article\" \/>\n<meta property=\"og:title\" content=\"Job Shops - CMI DURANGO\" \/>\n<meta property=\"og:description\" content=\"Job ShopsAPPLICATIONSMachine tools for machining workshopsWe offer versatile solutions for machining workshops that work with diverse parts and short series. Our machine tools are suitable for different sectors and requirements, guaranteeing precision, flexibility, and reliability in every project.PROYECTO 1Tornos verticales y fresadoras dise\u00f1ados para el mecanizado de componentes de alta precisi\u00f3n, utillajes y estructuras asociadas [&hellip;]\" \/>\n<meta property=\"og:url\" content=\"https:\/\/www.cmidurango.com\/en\/applications\/job-shops\/\" \/>\n<meta property=\"og:site_name\" content=\"CMI DURANGO\" \/>\n<meta property=\"article:modified_time\" content=\"2025-08-04T07:50:30+00:00\" \/>\n<meta name=\"twitter:card\" content=\"summary_large_image\" \/>\n<meta name=\"twitter:label1\" content=\"Est. reading time\" \/>\n\t<meta name=\"twitter:data1\" content=\"10 minutes\" \/>\n<script type=\"application\/ld+json\" class=\"yoast-schema-graph\">{\"@context\":\"https:\/\/schema.org\",\"@graph\":[{\"@type\":\"WebPage\",\"@id\":\"https:\/\/www.cmidurango.com\/en\/applications\/job-shops\/\",\"url\":\"https:\/\/www.cmidurango.com\/en\/applications\/job-shops\/\",\"name\":\"Job Shops - CMI DURANGO\",\"isPartOf\":{\"@id\":\"https:\/\/www.cmidurango.com\/#website\"},\"datePublished\":\"2025-08-04T07:50:29+00:00\",\"dateModified\":\"2025-08-04T07:50:30+00:00\",\"breadcrumb\":{\"@id\":\"https:\/\/www.cmidurango.com\/en\/applications\/job-shops\/#breadcrumb\"},\"inLanguage\":\"en-US\",\"potentialAction\":[{\"@type\":\"ReadAction\",\"target\":[\"https:\/\/www.cmidurango.com\/en\/applications\/job-shops\/\"]}]},{\"@type\":\"BreadcrumbList\",\"@id\":\"https:\/\/www.cmidurango.com\/en\/applications\/job-shops\/#breadcrumb\",\"itemListElement\":[{\"@type\":\"ListItem\",\"position\":1,\"name\":\"Portada\",\"item\":\"https:\/\/www.cmidurango.com\/fr\/\"},{\"@type\":\"ListItem\",\"position\":2,\"name\":\"Applications\",\"item\":\"https:\/\/www.cmidurango.com\/en\/applications\/\"},{\"@type\":\"ListItem\",\"position\":3,\"name\":\"Job Shops\"}]},{\"@type\":\"WebSite\",\"@id\":\"https:\/\/www.cmidurango.com\/#website\",\"url\":\"https:\/\/www.cmidurango.com\/\",\"name\":\"CMI DURANGO\",\"description\":\"Aeron\u00e1utica y M\u00e1quina Herramienta\",\"potentialAction\":[{\"@type\":\"SearchAction\",\"target\":{\"@type\":\"EntryPoint\",\"urlTemplate\":\"https:\/\/www.cmidurango.com\/?s={search_term_string}\"},\"query-input\":{\"@type\":\"PropertyValueSpecification\",\"valueRequired\":true,\"valueName\":\"search_term_string\"}}],\"inLanguage\":\"en-US\"}]}<\/script>\n<!-- \/ Yoast SEO plugin. -->","yoast_head_json":{"title":"Job Shops - CMI DURANGO","robots":{"index":"index","follow":"follow","max-snippet":"max-snippet:-1","max-image-preview":"max-image-preview:large","max-video-preview":"max-video-preview:-1"},"canonical":"https:\/\/www.cmidurango.com\/en\/applications\/job-shops\/","og_locale":"en_US","og_type":"article","og_title":"Job Shops - CMI DURANGO","og_description":"Job ShopsAPPLICATIONSMachine tools for machining workshopsWe offer versatile solutions for machining workshops that work with diverse parts and short series. Our machine tools are suitable for different sectors and requirements, guaranteeing precision, flexibility, and reliability in every project.PROYECTO 1Tornos verticales y fresadoras dise\u00f1ados para el mecanizado de componentes de alta precisi\u00f3n, utillajes y estructuras asociadas [&hellip;]","og_url":"https:\/\/www.cmidurango.com\/en\/applications\/job-shops\/","og_site_name":"CMI DURANGO","article_modified_time":"2025-08-04T07:50:30+00:00","twitter_card":"summary_large_image","twitter_misc":{"Est. reading time":"10 minutes"},"schema":{"@context":"https:\/\/schema.org","@graph":[{"@type":"WebPage","@id":"https:\/\/www.cmidurango.com\/en\/applications\/job-shops\/","url":"https:\/\/www.cmidurango.com\/en\/applications\/job-shops\/","name":"Job Shops - CMI DURANGO","isPartOf":{"@id":"https:\/\/www.cmidurango.com\/#website"},"datePublished":"2025-08-04T07:50:29+00:00","dateModified":"2025-08-04T07:50:30+00:00","breadcrumb":{"@id":"https:\/\/www.cmidurango.com\/en\/applications\/job-shops\/#breadcrumb"},"inLanguage":"en-US","potentialAction":[{"@type":"ReadAction","target":["https:\/\/www.cmidurango.com\/en\/applications\/job-shops\/"]}]},{"@type":"BreadcrumbList","@id":"https:\/\/www.cmidurango.com\/en\/applications\/job-shops\/#breadcrumb","itemListElement":[{"@type":"ListItem","position":1,"name":"Portada","item":"https:\/\/www.cmidurango.com\/fr\/"},{"@type":"ListItem","position":2,"name":"Applications","item":"https:\/\/www.cmidurango.com\/en\/applications\/"},{"@type":"ListItem","position":3,"name":"Job Shops"}]},{"@type":"WebSite","@id":"https:\/\/www.cmidurango.com\/#website","url":"https:\/\/www.cmidurango.com\/","name":"CMI DURANGO","description":"Aeron\u00e1utica y M\u00e1quina Herramienta","potentialAction":[{"@type":"SearchAction","target":{"@type":"EntryPoint","urlTemplate":"https:\/\/www.cmidurango.com\/?s={search_term_string}"},"query-input":{"@type":"PropertyValueSpecification","valueRequired":true,"valueName":"search_term_string"}}],"inLanguage":"en-US"}]}},"_links":{"self":[{"href":"https:\/\/www.cmidurango.com\/en\/wp-json\/wp\/v2\/pages\/22412","targetHints":{"allow":["GET"]}}],"collection":[{"href":"https:\/\/www.cmidurango.com\/en\/wp-json\/wp\/v2\/pages"}],"about":[{"href":"https:\/\/www.cmidurango.com\/en\/wp-json\/wp\/v2\/types\/page"}],"author":[{"embeddable":true,"href":"https:\/\/www.cmidurango.com\/en\/wp-json\/wp\/v2\/users\/6"}],"replies":[{"embeddable":true,"href":"https:\/\/www.cmidurango.com\/en\/wp-json\/wp\/v2\/comments?post=22412"}],"version-history":[{"count":2,"href":"https:\/\/www.cmidurango.com\/en\/wp-json\/wp\/v2\/pages\/22412\/revisions"}],"predecessor-version":[{"id":22414,"href":"https:\/\/www.cmidurango.com\/en\/wp-json\/wp\/v2\/pages\/22412\/revisions\/22414"}],"up":[{"embeddable":true,"href":"https:\/\/www.cmidurango.com\/en\/wp-json\/wp\/v2\/pages\/15836"}],"wp:attachment":[{"href":"https:\/\/www.cmidurango.com\/en\/wp-json\/wp\/v2\/media?parent=22412"}],"curies":[{"name":"wp","href":"https:\/\/api.w.org\/{rel}","templated":true}]}}